{"id":25,"date":"2025-12-02T09:03:38","date_gmt":"2025-12-02T09:03:38","guid":{"rendered":"https:\/\/maxence.icca-reims.fr\/?page_id=25"},"modified":"2025-12-04T17:10:40","modified_gmt":"2025-12-04T17:10:40","slug":"page-4","status":"publish","type":"page","link":"https:\/\/maxence.icca-reims.fr\/?page_id=25","title":{"rendered":"Nos prestations"},"content":{"rendered":"\t\t<div data-elementor-type=\"wp-page\" data-elementor-id=\"25\" class=\"elementor elementor-25\">\n\t\t\t\t<div class=\"elementor-element elementor-element-c5ab2ee e-flex e-con-boxed wpr-particle-no wpr-jarallax-no wpr-parallax-no wpr-sticky-section-no wpr-column-slider-no wpr-equal-height-no e-con e-parent\" data-id=\"c5ab2ee\" data-element_type=\"container\" data-e-type=\"container\" data-settings=\"{&quot;background_background&quot;:&quot;classic&quot;}\">\n\t\t\t\t\t<div class=\"e-con-inner\">\n\t\t<div class=\"elementor-element elementor-element-d10e139 e-con-full e-flex wpr-particle-no wpr-jarallax-no wpr-parallax-no wpr-sticky-section-no wpr-column-slider-no wpr-equal-height-no e-con e-child\" data-id=\"d10e139\" data-element_type=\"container\" data-e-type=\"container\">\n\t\t\t\t<div class=\"elementor-element elementor-element-95ff52f elementor-widget elementor-widget-heading\" data-id=\"95ff52f\" data-element_type=\"widget\" data-e-type=\"widget\" data-widget_type=\"heading.default\">\n\t\t\t\t\t<h1 class=\"elementor-heading-title elementor-size-default\">Nos prestations Pulse Events<\/h1>\t\t\t\t<\/div>\n\t\t\t\t<\/div>\n\t\t<div class=\"elementor-element elementor-element-b511d9c e-con-full e-flex wpr-particle-no wpr-jarallax-no wpr-parallax-no wpr-sticky-section-no wpr-column-slider-no wpr-equal-height-no e-con e-child\" data-id=\"b511d9c\" data-element_type=\"container\" data-e-type=\"container\">\n\t\t\t\t<div class=\"elementor-element elementor-element-7f563fb elementor-widget elementor-widget-image\" data-id=\"7f563fb\" data-element_type=\"widget\" data-e-type=\"widget\" data-widget_type=\"image.default\">\n\t\t\t\t\t\t\t\t\t\t\t\t\t\t\t<img fetchpriority=\"high\" decoding=\"async\" width=\"800\" height=\"275\" src=\"https:\/\/maxence.icca-reims.fr\/wp-content\/uploads\/2025\/12\/header_1920x580.jpg-1024x352.webp\" class=\"elementor-animation-bob attachment-large size-large wp-image-294\" alt=\"\" srcset=\"https:\/\/maxence.icca-reims.fr\/wp-content\/uploads\/2025\/12\/header_1920x580.jpg-1024x352.webp 1024w, https:\/\/maxence.icca-reims.fr\/wp-content\/uploads\/2025\/12\/header_1920x580.jpg-300x103.webp 300w, https:\/\/maxence.icca-reims.fr\/wp-content\/uploads\/2025\/12\/header_1920x580.jpg-768x264.webp 768w, https:\/\/maxence.icca-reims.fr\/wp-content\/uploads\/2025\/12\/header_1920x580.jpg-1536x528.webp 1536w, https:\/\/maxence.icca-reims.fr\/wp-content\/uploads\/2025\/12\/header_1920x580.jpg.webp 1920w\" sizes=\"(max-width: 800px) 100vw, 800px\" \/>\t\t\t\t\t\t\t\t\t\t\t\t\t\t\t<\/div>\n\t\t\t\t<\/div>\n\t\t\t\t\t<\/div>\n\t\t\t\t<\/div>\n\t\t<div class=\"elementor-element elementor-element-59a9948 e-con-full e-flex wpr-particle-no wpr-jarallax-no wpr-parallax-no wpr-sticky-section-no wpr-column-slider-no wpr-equal-height-no e-con e-parent\" data-id=\"59a9948\" data-element_type=\"container\" data-e-type=\"container\" data-settings=\"{&quot;background_background&quot;:&quot;classic&quot;,&quot;shape_divider_top&quot;:&quot;opacity-fan&quot;}\">\n\t\t\t\t<div class=\"elementor-shape elementor-shape-top\" aria-hidden=\"true\" data-negative=\"false\">\n\t\t\t<svg xmlns=\"http:\/\/www.w3.org\/2000\/svg\" viewBox=\"0 0 283.5 19.6\" preserveAspectRatio=\"none\">\n\t<path class=\"elementor-shape-fill\" style=\"opacity:0.33\" d=\"M0 0L0 18.8 141.8 4.1 283.5 18.8 283.5 0z\"\/>\n\t<path class=\"elementor-shape-fill\" style=\"opacity:0.33\" d=\"M0 0L0 12.6 141.8 4 283.5 12.6 283.5 0z\"\/>\n\t<path class=\"elementor-shape-fill\" style=\"opacity:0.33\" d=\"M0 0L0 6.4 141.8 4 283.5 6.4 283.5 0z\"\/>\n\t<path class=\"elementor-shape-fill\" d=\"M0 0L0 1.2 141.8 4 283.5 1.2 283.5 0z\"\/>\n<\/svg>\t\t<\/div>\n\t\t<div class=\"elementor-element elementor-element-685e199 e-con-full e-flex wpr-particle-no wpr-jarallax-no wpr-parallax-no wpr-sticky-section-no wpr-column-slider-no wpr-equal-height-no e-con e-child\" data-id=\"685e199\" data-element_type=\"container\" data-e-type=\"container\">\n\t\t\t\t<div class=\"elementor-element elementor-element-0c1bec5 elementor-widget elementor-widget-heading\" data-id=\"0c1bec5\" data-element_type=\"widget\" data-e-type=\"widget\" data-widget_type=\"heading.default\">\n\t\t\t\t\t<h2 class=\"elementor-heading-title elementor-size-default\">Pack 1 \u2014 Brut<\/h2>\t\t\t\t<\/div>\n\t\t\t\t<div class=\"elementor-element elementor-element-fbdf1c1 elementor-widget elementor-widget-text-editor\" data-id=\"fbdf1c1\" data-element_type=\"widget\" data-e-type=\"widget\" data-widget_type=\"text-editor.default\">\n\t\t\t\t\t\t\t\t\t<ul><li data-start=\"196\" data-end=\"238\"><em><strong>Organisation compl\u00e8te de l\u2019\u00e9v\u00e9nement<\/strong><\/em><\/li><li data-start=\"196\" data-end=\"238\"><em><strong>Mat\u00e9riel sportif fourni<\/strong><\/em><\/li><li data-start=\"196\" data-end=\"238\"><em><strong>DJ pour l\u2019ambiance (musique, moments forts)<\/strong><\/em><\/li><li data-start=\"196\" data-end=\"238\"><em><strong>Branding simple (affiche + visuel r\u00e9seaux)<\/strong><\/em><\/li><li data-start=\"196\" data-end=\"238\"><em><strong>Photographe (petit album photos inclus)<\/strong><\/em><\/li><\/ul><h3 data-start=\"805\" data-end=\"842\"><em><strong>Prix : \u00e0 partir de 1 490 \u20ac<\/strong><\/em><\/h3>\t\t\t\t\t\t\t\t<\/div>\n\t\t\t\t<\/div>\n\t\t<div class=\"elementor-element elementor-element-fdb62c4 e-con-full e-flex wpr-particle-no wpr-jarallax-no wpr-parallax-no wpr-sticky-section-no wpr-column-slider-no wpr-equal-height-no e-con e-child\" data-id=\"fdb62c4\" data-element_type=\"container\" data-e-type=\"container\">\n\t\t\t\t<div class=\"elementor-element elementor-element-021f54c elementor-widget elementor-widget-heading\" data-id=\"021f54c\" data-element_type=\"widget\" data-e-type=\"widget\" data-widget_type=\"heading.default\">\n\t\t\t\t\t<h2 class=\"elementor-heading-title elementor-size-default\">Pack 2 \u2014 Mill\u00e9sime<\/h2>\t\t\t\t<\/div>\n\t\t\t\t<div class=\"elementor-element elementor-element-0a1de52 elementor-widget elementor-widget-text-editor\" data-id=\"0a1de52\" data-element_type=\"widget\" data-e-type=\"widget\" data-widget_type=\"text-editor.default\">\n\t\t\t\t\t\t\t\t\t<ul><li data-start=\"240\" data-end=\"278\"><em><strong>D\u00e9coration du terrain\u00a0<\/strong><\/em><\/li><li data-start=\"240\" data-end=\"278\"><em><strong>DJ ou speaker pour l\u2019animation<\/strong><\/em><\/li><li data-start=\"240\" data-end=\"278\"><em><strong>Photographe + vid\u00e9o courte (meilleurs moments de l\u2019\u00e9v\u00e9nement)<\/strong><\/em><\/li><li data-start=\"240\" data-end=\"278\"><em><strong>Zone partenaires avec mur pour photos<\/strong><\/em><\/li><li data-start=\"240\" data-end=\"278\"><em><strong data-start=\"422\" data-end=\"510\">Service traiteur + buffet \/ cocktail + boissons (soft, \u00e9ventuellement alcool mod\u00e9r\u00e9)<\/strong><\/em><\/li><li data-start=\"240\" data-end=\"278\"><em><strong>Zone partenaires \/ invit\u00e9s soign\u00e9e (espace d\u00e9tente \/ accueil)<\/strong><\/em><\/li><\/ul><h3 data-start=\"580\" data-end=\"617\"><em><strong>Prix : \u00e0 partir de 5\u202f500 \u20ac<\/strong><\/em><\/h3><ul><li style=\"list-style-type: none;\">\u00a0<\/li><\/ul>\t\t\t\t\t\t\t\t<\/div>\n\t\t\t\t<\/div>\n\t\t<div class=\"elementor-element elementor-element-d6ad405 e-con-full e-flex wpr-particle-no wpr-jarallax-no wpr-parallax-no wpr-sticky-section-no wpr-column-slider-no wpr-equal-height-no e-con e-child\" data-id=\"d6ad405\" data-element_type=\"container\" data-e-type=\"container\">\n\t\t\t\t<div class=\"elementor-element elementor-element-1a02746 elementor-widget elementor-widget-heading\" data-id=\"1a02746\" data-element_type=\"widget\" data-e-type=\"widget\" data-widget_type=\"heading.default\">\n\t\t\t\t\t<h2 class=\"elementor-heading-title elementor-size-default\">Pack 3 \u2014 Grand Cru<\/h2>\t\t\t\t<\/div>\n\t\t\t\t<div class=\"elementor-element elementor-element-cc59283 elementor-widget elementor-widget-text-editor\" data-id=\"cc59283\" data-element_type=\"widget\" data-e-type=\"widget\" data-widget_type=\"text-editor.default\">\n\t\t\t\t\t\t\t\t\t<ul><li data-start=\"252\" data-end=\"331\"><em><strong>Loge VIP am\u00e9nag\u00e9e (mobilier lounge, \u00e9clairage premium, branding personnalis\u00e9)<\/strong><\/em><\/li><li data-start=\"252\" data-end=\"331\"><em><strong>Hospitalit\u00e9 luxueuse avec traiteur : cocktail, buffet raffin\u00e9, champagne<\/strong><\/em><\/li><li data-start=\"252\" data-end=\"331\"><em><strong>DJ et speaker pour l\u2019animation de l\u2019espace VIP<\/strong><\/em><\/li><li data-start=\"252\" data-end=\"331\"><em><strong>Photocall, partenaires + photographe d\u00e9di\u00e9<\/strong><\/em><\/li><li data-start=\"252\" data-end=\"331\"><em><strong>prise de vid\u00e9o premium personnalis\u00e9<\/strong><\/em><\/li><li data-start=\"252\" data-end=\"331\"><em><strong>Coffrets cadeaux partenaires\u00a0<\/strong><\/em><\/li><\/ul><h3 data-start=\"644\" data-end=\"682\"><em><strong>Prix : \u00e0 partir de 12\u202f500 \u20ac<\/strong><\/em><\/h3><ul><li style=\"list-style-type: none;\">\u00a0<\/li><\/ul>\t\t\t\t\t\t\t\t<\/div>\n\t\t\t\t<\/div>\n\t\t\t\t<\/div>\n\t\t<div class=\"elementor-element elementor-element-de523c6 e-flex e-con-boxed wpr-particle-no wpr-jarallax-no wpr-parallax-no wpr-sticky-section-no wpr-column-slider-no wpr-equal-height-no e-con e-parent\" data-id=\"de523c6\" data-element_type=\"container\" data-e-type=\"container\" data-settings=\"{&quot;background_background&quot;:&quot;classic&quot;}\">\n\t\t\t\t\t<div class=\"e-con-inner\">\n\t\t<div class=\"elementor-element elementor-element-a1689aa e-con-full e-flex wpr-particle-no wpr-jarallax-no wpr-parallax-no wpr-sticky-section-no wpr-column-slider-no wpr-equal-height-no e-con e-child\" data-id=\"a1689aa\" data-element_type=\"container\" data-e-type=\"container\">\n\t\t\t\t<div class=\"elementor-element elementor-element-312c60b elementor-widget elementor-widget-image\" data-id=\"312c60b\" data-element_type=\"widget\" data-e-type=\"widget\" data-widget_type=\"image.default\">\n\t\t\t\t\t\t\t\t\t\t\t\t\t\t\t<img decoding=\"async\" width=\"800\" height=\"448\" src=\"https:\/\/maxence.icca-reims.fr\/wp-content\/uploads\/2025\/12\/PRESENTATION_LOGES_OPEN_1500x840-1-1024x573.jpg\" class=\"elementor-animation-bob attachment-large size-large wp-image-321\" alt=\"\" srcset=\"https:\/\/maxence.icca-reims.fr\/wp-content\/uploads\/2025\/12\/PRESENTATION_LOGES_OPEN_1500x840-1-1024x573.jpg 1024w, https:\/\/maxence.icca-reims.fr\/wp-content\/uploads\/2025\/12\/PRESENTATION_LOGES_OPEN_1500x840-1-300x168.jpg 300w, https:\/\/maxence.icca-reims.fr\/wp-content\/uploads\/2025\/12\/PRESENTATION_LOGES_OPEN_1500x840-1-768x430.jpg 768w, https:\/\/maxence.icca-reims.fr\/wp-content\/uploads\/2025\/12\/PRESENTATION_LOGES_OPEN_1500x840-1.jpg 1500w\" sizes=\"(max-width: 800px) 100vw, 800px\" \/>\t\t\t\t\t\t\t\t\t\t\t\t\t\t\t<\/div>\n\t\t\t\t<\/div>\n\t\t<div class=\"elementor-element elementor-element-cfd6b97 e-con-full e-flex wpr-particle-no wpr-jarallax-no wpr-parallax-no wpr-sticky-section-no wpr-column-slider-no wpr-equal-height-no e-con e-child\" data-id=\"cfd6b97\" data-element_type=\"container\" data-e-type=\"container\">\n\t\t\t\t<div class=\"elementor-element elementor-element-5f32574 elementor-widget elementor-widget-text-editor\" data-id=\"5f32574\" data-element_type=\"widget\" data-e-type=\"widget\" data-widget_type=\"text-editor.default\">\n\t\t\t\t\t\t\t\t\t<strong>Avec Pulse Events, organisez vos \u00e9v\u00e9nements sportifs \u00e0 Reims de mani\u00e8re professionnelle et m\u00e9morable. Nos trois packs s\u2019adaptent \u00e0 tous vos besoins : le Pack Brut\u00a0pour un \u00e9v\u00e9nement simple avec DJ, photographe et branding, le\u00a0Pack Mill\u00e9sime pour des \u00e9v\u00e9nements plus larges avec traiteur, animation et espace partenaires, et le Pack Grand Cru\u00a0, l\u2019exp\u00e9rience VIP ultime avec loge, traiteur haut de gamme, photocall et aftermovie. Chaque pack est con\u00e7u pour offrir organistion cl\u00e9s en main, ambiace et prestige, et faire de votre \u00e9v\u00e9nement un moment unique pour vos invit\u00e9s et partenaires.<\/strong>\t\t\t\t\t\t\t\t<\/div>\n\t\t\t\t<\/div>\n\t\t\t\t\t<\/div>\n\t\t\t\t<\/div>\n\t\t\t\t<\/div>\n\t\t","protected":false},"excerpt":{"rendered":"<p>Nos prestations Pulse Events Pack 1 \u2014 Brut Organisation compl\u00e8te de l\u2019\u00e9v\u00e9nement Mat\u00e9riel sportif fourni DJ pour l\u2019ambiance (musique, moments forts) Branding simple (affiche + visuel r\u00e9seaux) Photographe (petit album photos inclus) Prix : \u00e0 partir de 1 490 \u20ac Pack 2 \u2014 Mill\u00e9sime D\u00e9coration du terrain\u00a0 DJ ou speaker pour l\u2019animation Photographe + vid\u00e9o courte (meilleurs moments de l\u2019\u00e9v\u00e9nement) Zone partenaires avec mur pour photos Service traiteur + buffet \/ cocktail + boissons (soft, \u00e9ventuellement alcool mod\u00e9r\u00e9) Zone partenaires \/ invit\u00e9s soign\u00e9e (espace d\u00e9tente \/ accueil) Prix : \u00e0 partir de 5\u202f500 \u20ac \u00a0 Pack 3 \u2014 Grand Cru Loge VIP am\u00e9nag\u00e9e (mobilier lounge, \u00e9clairage premium, branding personnalis\u00e9) Hospitalit\u00e9 luxueuse avec traiteur : cocktail, buffet raffin\u00e9, champagne DJ et speaker pour l\u2019animation de l\u2019espace VIP Photocall, partenaires + photographe d\u00e9di\u00e9 prise de vid\u00e9o premium personnalis\u00e9 Coffrets cadeaux partenaires\u00a0 Prix : \u00e0 partir de 12\u202f500 \u20ac \u00a0 Avec Pulse Events, organisez vos \u00e9v\u00e9nements sportifs \u00e0 Reims de mani\u00e8re professionnelle et m\u00e9morable. Nos trois packs s\u2019adaptent \u00e0 tous vos besoins : le Pack Brut\u00a0pour un \u00e9v\u00e9nement simple avec DJ, photographe et branding, le\u00a0Pack Mill\u00e9sime pour des \u00e9v\u00e9nements plus larges avec traiteur, animation et espace partenaires, et le Pack Grand Cru\u00a0, l\u2019exp\u00e9rience VIP ultime avec loge, traiteur haut de gamme, photocall et aftermovie. Chaque pack est con\u00e7u pour offrir organistion cl\u00e9s en main, ambiace et prestige, et faire de votre \u00e9v\u00e9nement un moment unique pour vos invit\u00e9s et partenaires.<\/p>\n","protected":false},"author":1,"featured_media":0,"parent":0,"menu_order":0,"comment_status":"closed","ping_status":"closed","template":"elementor_header_footer","meta":{"footnotes":""},"class_list":["post-25","page","type-page","status-publish","hentry"],"yoast_head":"<!-- This site is optimized with the Yoast SEO plugin v27.6 - https:\/\/yoast.com\/product\/yoast-seo-wordpress\/ -->\n<title>Nos prestations - Born To Be Wild<\/title>\n<meta name=\"robots\" content=\"index, follow, max-snippet:-1, max-image-preview:large, max-video-preview:-1\" \/>\n<link rel=\"canonical\" href=\"https:\/\/maxence.icca-reims.fr\/?page_id=25\" \/>\n<meta property=\"og:locale\" content=\"fr_FR\" \/>\n<meta property=\"og:type\" content=\"article\" \/>\n<meta property=\"og:title\" content=\"Nos prestations - Born To Be Wild\" \/>\n<meta property=\"og:description\" content=\"Nos prestations Pulse Events Pack 1 \u2014 Brut Organisation compl\u00e8te de l\u2019\u00e9v\u00e9nement Mat\u00e9riel sportif fourni DJ pour l\u2019ambiance (musique, moments forts) Branding simple (affiche + visuel r\u00e9seaux) Photographe (petit album photos inclus) Prix : \u00e0 partir de 1 490 \u20ac Pack 2 \u2014 Mill\u00e9sime D\u00e9coration du terrain\u00a0 DJ ou speaker pour l\u2019animation Photographe + vid\u00e9o courte (meilleurs moments de l\u2019\u00e9v\u00e9nement) Zone partenaires avec mur pour photos Service traiteur + buffet \/ cocktail + boissons (soft, \u00e9ventuellement alcool mod\u00e9r\u00e9) Zone partenaires \/ invit\u00e9s soign\u00e9e (espace d\u00e9tente \/ accueil) Prix : \u00e0 partir de 5\u202f500 \u20ac \u00a0 Pack 3 \u2014 Grand Cru Loge VIP am\u00e9nag\u00e9e (mobilier lounge, \u00e9clairage premium, branding personnalis\u00e9) Hospitalit\u00e9 luxueuse avec traiteur : cocktail, buffet raffin\u00e9, champagne DJ et speaker pour l\u2019animation de l\u2019espace VIP Photocall, partenaires + photographe d\u00e9di\u00e9 prise de vid\u00e9o premium personnalis\u00e9 Coffrets cadeaux partenaires\u00a0 Prix : \u00e0 partir de 12\u202f500 \u20ac \u00a0 Avec Pulse Events, organisez vos \u00e9v\u00e9nements sportifs \u00e0 Reims de mani\u00e8re professionnelle et m\u00e9morable. Nos trois packs s\u2019adaptent \u00e0 tous vos besoins : le Pack Brut\u00a0pour un \u00e9v\u00e9nement simple avec DJ, photographe et branding, le\u00a0Pack Mill\u00e9sime pour des \u00e9v\u00e9nements plus larges avec traiteur, animation et espace partenaires, et le Pack Grand Cru\u00a0, l\u2019exp\u00e9rience VIP ultime avec loge, traiteur haut de gamme, photocall et aftermovie. Chaque pack est con\u00e7u pour offrir organistion cl\u00e9s en main, ambiace et prestige, et faire de votre \u00e9v\u00e9nement un moment unique pour vos invit\u00e9s et partenaires.\" \/>\n<meta property=\"og:url\" content=\"https:\/\/maxence.icca-reims.fr\/?page_id=25\" \/>\n<meta property=\"og:site_name\" content=\"Born To Be Wild\" \/>\n<meta property=\"article:modified_time\" content=\"2025-12-04T17:10:40+00:00\" \/>\n<meta property=\"og:image\" content=\"https:\/\/maxence.icca-reims.fr\/wp-content\/uploads\/2025\/12\/header_1920x580.jpg.webp\" \/>\n\t<meta property=\"og:image:width\" content=\"1920\" \/>\n\t<meta property=\"og:image:height\" content=\"660\" \/>\n\t<meta property=\"og:image:type\" content=\"image\/webp\" \/>\n<meta name=\"twitter:card\" content=\"summary_large_image\" \/>\n<script type=\"application\/ld+json\" class=\"yoast-schema-graph\">{\"@context\":\"https:\\\/\\\/schema.org\",\"@graph\":[{\"@type\":\"WebPage\",\"@id\":\"https:\\\/\\\/maxence.icca-reims.fr\\\/?page_id=25\",\"url\":\"https:\\\/\\\/maxence.icca-reims.fr\\\/?page_id=25\",\"name\":\"Nos prestations - Born To Be Wild\",\"isPartOf\":{\"@id\":\"https:\\\/\\\/maxence.icca-reims.fr\\\/#website\"},\"primaryImageOfPage\":{\"@id\":\"https:\\\/\\\/maxence.icca-reims.fr\\\/?page_id=25#primaryimage\"},\"image\":{\"@id\":\"https:\\\/\\\/maxence.icca-reims.fr\\\/?page_id=25#primaryimage\"},\"thumbnailUrl\":\"https:\\\/\\\/maxence.icca-reims.fr\\\/wp-content\\\/uploads\\\/2025\\\/12\\\/header_1920x580.jpg-1024x352.webp\",\"datePublished\":\"2025-12-02T09:03:38+00:00\",\"dateModified\":\"2025-12-04T17:10:40+00:00\",\"breadcrumb\":{\"@id\":\"https:\\\/\\\/maxence.icca-reims.fr\\\/?page_id=25#breadcrumb\"},\"inLanguage\":\"fr-FR\",\"potentialAction\":[{\"@type\":\"ReadAction\",\"target\":[\"https:\\\/\\\/maxence.icca-reims.fr\\\/?page_id=25\"]}]},{\"@type\":\"ImageObject\",\"inLanguage\":\"fr-FR\",\"@id\":\"https:\\\/\\\/maxence.icca-reims.fr\\\/?page_id=25#primaryimage\",\"url\":\"https:\\\/\\\/maxence.icca-reims.fr\\\/wp-content\\\/uploads\\\/2025\\\/12\\\/header_1920x580.jpg.webp\",\"contentUrl\":\"https:\\\/\\\/maxence.icca-reims.fr\\\/wp-content\\\/uploads\\\/2025\\\/12\\\/header_1920x580.jpg.webp\",\"width\":1920,\"height\":660},{\"@type\":\"BreadcrumbList\",\"@id\":\"https:\\\/\\\/maxence.icca-reims.fr\\\/?page_id=25#breadcrumb\",\"itemListElement\":[{\"@type\":\"ListItem\",\"position\":1,\"name\":\"Accueil\",\"item\":\"https:\\\/\\\/maxence.icca-reims.fr\\\/\"},{\"@type\":\"ListItem\",\"position\":2,\"name\":\"Nos prestations\"}]},{\"@type\":\"WebSite\",\"@id\":\"https:\\\/\\\/maxence.icca-reims.fr\\\/#website\",\"url\":\"https:\\\/\\\/maxence.icca-reims.fr\\\/\",\"name\":\"Born To Be Wild\",\"description\":\"\",\"potentialAction\":[{\"@type\":\"SearchAction\",\"target\":{\"@type\":\"EntryPoint\",\"urlTemplate\":\"https:\\\/\\\/maxence.icca-reims.fr\\\/?s={search_term_string}\"},\"query-input\":{\"@type\":\"PropertyValueSpecification\",\"valueRequired\":true,\"valueName\":\"search_term_string\"}}],\"inLanguage\":\"fr-FR\"}]}<\/script>\n<!-- \/ Yoast SEO plugin. -->","yoast_head_json":{"title":"Nos prestations - Born To Be Wild","robots":{"index":"index","follow":"follow","max-snippet":"max-snippet:-1","max-image-preview":"max-image-preview:large","max-video-preview":"max-video-preview:-1"},"canonical":"https:\/\/maxence.icca-reims.fr\/?page_id=25","og_locale":"fr_FR","og_type":"article","og_title":"Nos prestations - Born To Be Wild","og_description":"Nos prestations Pulse Events Pack 1 \u2014 Brut Organisation compl\u00e8te de l\u2019\u00e9v\u00e9nement Mat\u00e9riel sportif fourni DJ pour l\u2019ambiance (musique, moments forts) Branding simple (affiche + visuel r\u00e9seaux) Photographe (petit album photos inclus) Prix : \u00e0 partir de 1 490 \u20ac Pack 2 \u2014 Mill\u00e9sime D\u00e9coration du terrain\u00a0 DJ ou speaker pour l\u2019animation Photographe + vid\u00e9o courte (meilleurs moments de l\u2019\u00e9v\u00e9nement) Zone partenaires avec mur pour photos Service traiteur + buffet \/ cocktail + boissons (soft, \u00e9ventuellement alcool mod\u00e9r\u00e9) Zone partenaires \/ invit\u00e9s soign\u00e9e (espace d\u00e9tente \/ accueil) Prix : \u00e0 partir de 5\u202f500 \u20ac \u00a0 Pack 3 \u2014 Grand Cru Loge VIP am\u00e9nag\u00e9e (mobilier lounge, \u00e9clairage premium, branding personnalis\u00e9) Hospitalit\u00e9 luxueuse avec traiteur : cocktail, buffet raffin\u00e9, champagne DJ et speaker pour l\u2019animation de l\u2019espace VIP Photocall, partenaires + photographe d\u00e9di\u00e9 prise de vid\u00e9o premium personnalis\u00e9 Coffrets cadeaux partenaires\u00a0 Prix : \u00e0 partir de 12\u202f500 \u20ac \u00a0 Avec Pulse Events, organisez vos \u00e9v\u00e9nements sportifs \u00e0 Reims de mani\u00e8re professionnelle et m\u00e9morable. Nos trois packs s\u2019adaptent \u00e0 tous vos besoins : le Pack Brut\u00a0pour un \u00e9v\u00e9nement simple avec DJ, photographe et branding, le\u00a0Pack Mill\u00e9sime pour des \u00e9v\u00e9nements plus larges avec traiteur, animation et espace partenaires, et le Pack Grand Cru\u00a0, l\u2019exp\u00e9rience VIP ultime avec loge, traiteur haut de gamme, photocall et aftermovie. Chaque pack est con\u00e7u pour offrir organistion cl\u00e9s en main, ambiace et prestige, et faire de votre \u00e9v\u00e9nement un moment unique pour vos invit\u00e9s et partenaires.","og_url":"https:\/\/maxence.icca-reims.fr\/?page_id=25","og_site_name":"Born To Be Wild","article_modified_time":"2025-12-04T17:10:40+00:00","og_image":[{"width":1920,"height":660,"url":"https:\/\/maxence.icca-reims.fr\/wp-content\/uploads\/2025\/12\/header_1920x580.jpg.webp","type":"image\/webp"}],"twitter_card":"summary_large_image","schema":{"@context":"https:\/\/schema.org","@graph":[{"@type":"WebPage","@id":"https:\/\/maxence.icca-reims.fr\/?page_id=25","url":"https:\/\/maxence.icca-reims.fr\/?page_id=25","name":"Nos prestations - Born To Be Wild","isPartOf":{"@id":"https:\/\/maxence.icca-reims.fr\/#website"},"primaryImageOfPage":{"@id":"https:\/\/maxence.icca-reims.fr\/?page_id=25#primaryimage"},"image":{"@id":"https:\/\/maxence.icca-reims.fr\/?page_id=25#primaryimage"},"thumbnailUrl":"https:\/\/maxence.icca-reims.fr\/wp-content\/uploads\/2025\/12\/header_1920x580.jpg-1024x352.webp","datePublished":"2025-12-02T09:03:38+00:00","dateModified":"2025-12-04T17:10:40+00:00","breadcrumb":{"@id":"https:\/\/maxence.icca-reims.fr\/?page_id=25#breadcrumb"},"inLanguage":"fr-FR","potentialAction":[{"@type":"ReadAction","target":["https:\/\/maxence.icca-reims.fr\/?page_id=25"]}]},{"@type":"ImageObject","inLanguage":"fr-FR","@id":"https:\/\/maxence.icca-reims.fr\/?page_id=25#primaryimage","url":"https:\/\/maxence.icca-reims.fr\/wp-content\/uploads\/2025\/12\/header_1920x580.jpg.webp","contentUrl":"https:\/\/maxence.icca-reims.fr\/wp-content\/uploads\/2025\/12\/header_1920x580.jpg.webp","width":1920,"height":660},{"@type":"BreadcrumbList","@id":"https:\/\/maxence.icca-reims.fr\/?page_id=25#breadcrumb","itemListElement":[{"@type":"ListItem","position":1,"name":"Accueil","item":"https:\/\/maxence.icca-reims.fr\/"},{"@type":"ListItem","position":2,"name":"Nos prestations"}]},{"@type":"WebSite","@id":"https:\/\/maxence.icca-reims.fr\/#website","url":"https:\/\/maxence.icca-reims.fr\/","name":"Born To Be Wild","description":"","potentialAction":[{"@type":"SearchAction","target":{"@type":"EntryPoint","urlTemplate":"https:\/\/maxence.icca-reims.fr\/?s={search_term_string}"},"query-input":{"@type":"PropertyValueSpecification","valueRequired":true,"valueName":"search_term_string"}}],"inLanguage":"fr-FR"}]}},"_links":{"self":[{"href":"https:\/\/maxence.icca-reims.fr\/index.php?rest_route=\/wp\/v2\/pages\/25","targetHints":{"allow":["GET"]}}],"collection":[{"href":"https:\/\/maxence.icca-reims.fr\/index.php?rest_route=\/wp\/v2\/pages"}],"about":[{"href":"https:\/\/maxence.icca-reims.fr\/index.php?rest_route=\/wp\/v2\/types\/page"}],"author":[{"embeddable":true,"href":"https:\/\/maxence.icca-reims.fr\/index.php?rest_route=\/wp\/v2\/users\/1"}],"replies":[{"embeddable":true,"href":"https:\/\/maxence.icca-reims.fr\/index.php?rest_route=%2Fwp%2Fv2%2Fcomments&post=25"}],"version-history":[{"count":39,"href":"https:\/\/maxence.icca-reims.fr\/index.php?rest_route=\/wp\/v2\/pages\/25\/revisions"}],"predecessor-version":[{"id":469,"href":"https:\/\/maxence.icca-reims.fr\/index.php?rest_route=\/wp\/v2\/pages\/25\/revisions\/469"}],"wp:attachment":[{"href":"https:\/\/maxence.icca-reims.fr\/index.php?rest_route=%2Fwp%2Fv2%2Fmedia&parent=25"}],"curies":[{"name":"wp","href":"https:\/\/api.w.org\/{rel}","templated":true}]}}