{"id":21,"date":"2025-12-02T08:59:30","date_gmt":"2025-12-02T08:59:30","guid":{"rendered":"https:\/\/maxence.icca-reims.fr\/?page_id=21"},"modified":"2025-12-04T16:52:18","modified_gmt":"2025-12-04T16:52:18","slug":"a-propos-de-nous","status":"publish","type":"page","link":"https:\/\/maxence.icca-reims.fr\/?page_id=21","title":{"rendered":"A Propos"},"content":{"rendered":"\t\t<div data-elementor-type=\"wp-page\" data-elementor-id=\"21\" class=\"elementor elementor-21\">\n\t\t\t\t<div class=\"elementor-element elementor-element-0f76238 e-flex e-con-boxed wpr-particle-no wpr-jarallax-no wpr-parallax-no wpr-sticky-section-no wpr-column-slider-no wpr-equal-height-no e-con e-parent\" data-id=\"0f76238\" data-element_type=\"container\" data-e-type=\"container\" data-settings=\"{&quot;background_background&quot;:&quot;classic&quot;}\">\n\t\t\t\t\t<div class=\"e-con-inner\">\n\t\t\t\t<div class=\"elementor-element elementor-element-e74a19e elementor-widget elementor-widget-heading\" data-id=\"e74a19e\" data-element_type=\"widget\" data-e-type=\"widget\" data-widget_type=\"heading.default\">\n\t\t\t\t\t<h2 class=\"elementor-heading-title elementor-size-default\">Mieux connaitre notre agence \u00e9v\u00e9nementiel sportif<\/h2>\t\t\t\t<\/div>\n\t\t\t\t\t<\/div>\n\t\t\t\t<\/div>\n\t\t<div class=\"elementor-element elementor-element-06e703e e-con-full e-flex wpr-particle-no wpr-jarallax-no wpr-parallax-no wpr-sticky-section-no wpr-column-slider-no wpr-equal-height-no e-con e-parent\" data-id=\"06e703e\" data-element_type=\"container\" data-e-type=\"container\" data-settings=\"{&quot;background_background&quot;:&quot;classic&quot;}\">\n\t\t<div class=\"elementor-element elementor-element-4bceafc e-con-full e-flex wpr-particle-no wpr-jarallax-no wpr-parallax-no wpr-sticky-section-no wpr-column-slider-no wpr-equal-height-no e-con e-child\" data-id=\"4bceafc\" data-element_type=\"container\" data-e-type=\"container\">\n\t\t\t\t<div class=\"elementor-element elementor-element-ef2d3ce elementor-widget__width-initial elementor-widget elementor-widget-image\" data-id=\"ef2d3ce\" data-element_type=\"widget\" data-e-type=\"widget\" data-widget_type=\"image.default\">\n\t\t\t\t\t\t\t\t\t\t\t\t\t\t\t<img fetchpriority=\"high\" decoding=\"async\" width=\"800\" height=\"534\" src=\"https:\/\/maxence.icca-reims.fr\/wp-content\/uploads\/2025\/12\/GoogleADC-61.jpg-1024x683.webp\" class=\"attachment-large size-large wp-image-380\" alt=\"\" srcset=\"https:\/\/maxence.icca-reims.fr\/wp-content\/uploads\/2025\/12\/GoogleADC-61.jpg-1024x683.webp 1024w, https:\/\/maxence.icca-reims.fr\/wp-content\/uploads\/2025\/12\/GoogleADC-61.jpg-300x200.webp 300w, https:\/\/maxence.icca-reims.fr\/wp-content\/uploads\/2025\/12\/GoogleADC-61.jpg-768x512.webp 768w, https:\/\/maxence.icca-reims.fr\/wp-content\/uploads\/2025\/12\/GoogleADC-61.jpg-1536x1024.webp 1536w, https:\/\/maxence.icca-reims.fr\/wp-content\/uploads\/2025\/12\/GoogleADC-61.jpg-2048x1366.webp 2048w\" sizes=\"(max-width: 800px) 100vw, 800px\" \/>\t\t\t\t\t\t\t\t\t\t\t\t\t\t\t<\/div>\n\t\t\t\t<div class=\"elementor-element elementor-element-664204a elementor-widget elementor-widget-text-editor\" data-id=\"664204a\" data-element_type=\"widget\" data-e-type=\"widget\" data-widget_type=\"text-editor.default\">\n\t\t\t\t\t\t\t\t\t<p><strong>Situ\u00e9e au 8 rue de la Petite Vitesse \u00e0 Reims, Pulse Events est une agence \u00e9v\u00e9nementiel sportif sp\u00e9cialis\u00e9e dans les exp\u00e9riences premium. Cr\u00e9\u00e9e il y a 4 ans, notre agence combine passion, cr\u00e9ativit\u00e9 et savoir-faire pour organiser des \u00e9v\u00e9nements sportifs sur mesure, alliant professionnalisme et convivialit\u00e9. Nous proposons trois packs adapt\u00e9s \u00e0 tous les besoins : Brut, pour une organisation simple et efficace, Mill\u00e9sim\u00e9, pour un \u00e9v\u00e9nement personnalis\u00e9 et soign\u00e9, et Grand Cru, pour des exp\u00e9riences haut de gamme et inoubliables. Chaque pack est pens\u00e9 pour garantir la r\u00e9ussite et le confort de nos clients, quels que soient le type et la taille de l\u2019\u00e9v\u00e9nement.<\/strong><\/p>\t\t\t\t\t\t\t\t<\/div>\n\t\t\t\t<\/div>\n\t\t<div class=\"elementor-element elementor-element-6943e78 e-con-full e-flex wpr-particle-no wpr-jarallax-no wpr-parallax-no wpr-sticky-section-no wpr-column-slider-no wpr-equal-height-no e-con e-child\" data-id=\"6943e78\" data-element_type=\"container\" data-e-type=\"container\">\n\t\t\t\t<div class=\"elementor-element elementor-element-9171372 elementor-widget elementor-widget-image\" data-id=\"9171372\" data-element_type=\"widget\" data-e-type=\"widget\" data-widget_type=\"image.default\">\n\t\t\t\t\t\t\t\t\t\t\t\t\t\t\t<img decoding=\"async\" width=\"800\" height=\"533\" src=\"https:\/\/maxence.icca-reims.fr\/wp-content\/uploads\/2025\/12\/10jpg_65f01be9436ef4.33060579.jpg\" class=\"attachment-large size-large wp-image-413\" alt=\"\" srcset=\"https:\/\/maxence.icca-reims.fr\/wp-content\/uploads\/2025\/12\/10jpg_65f01be9436ef4.33060579.jpg 800w, https:\/\/maxence.icca-reims.fr\/wp-content\/uploads\/2025\/12\/10jpg_65f01be9436ef4.33060579-300x200.jpg 300w, https:\/\/maxence.icca-reims.fr\/wp-content\/uploads\/2025\/12\/10jpg_65f01be9436ef4.33060579-768x512.jpg 768w\" sizes=\"(max-width: 800px) 100vw, 800px\" \/>\t\t\t\t\t\t\t\t\t\t\t\t\t\t\t<\/div>\n\t\t\t\t<div class=\"elementor-element elementor-element-f046f59 elementor-widget elementor-widget-text-editor\" data-id=\"f046f59\" data-element_type=\"widget\" data-e-type=\"widget\" data-widget_type=\"text-editor.default\">\n\t\t\t\t\t\t\t\t\t<p><strong>Au fil des ann\u00e9es, notre agence \u00e9v\u00e9nementiel sportif premium a particip\u00e9 \u00e0 l&rsquo;organisation des \u00e9v\u00e9nements \u00a0sportifs exceptionnelles : des \u00e9v\u00e9nements et soir\u00e9es exclusives lors des Jeux Olympiques, du Tour de France, de Roland-Garros, du Grand Prix de Formule 1 de Monaco, et bien d\u2019autres encore. Ces exp\u00e9riences nous ont permis de perfectionner notre expertise et de cr\u00e9er des moments uniques. Avec Pulse Events, chaque \u00e9v\u00e9nement devient une exp\u00e9rience inoubliable, pens\u00e9e dans les moindres d\u00e9tails pour surprendre et ravir vos convives.<\/strong><\/p>\t\t\t\t\t\t\t\t<\/div>\n\t\t\t\t<\/div>\n\t\t\t\t<\/div>\n\t\t<div class=\"elementor-element elementor-element-9a8189a e-flex e-con-boxed wpr-particle-no wpr-jarallax-no wpr-parallax-no wpr-sticky-section-no wpr-column-slider-no wpr-equal-height-no e-con e-parent\" data-id=\"9a8189a\" data-element_type=\"container\" data-e-type=\"container\" data-settings=\"{&quot;background_background&quot;:&quot;classic&quot;}\">\n\t\t\t\t\t<div class=\"e-con-inner\">\n\t\t\t\t<div class=\"elementor-element elementor-element-edc2857 elementor-widget__width-initial elementor-widget-mobile__width-initial elementor-widget elementor-widget-google_maps\" data-id=\"edc2857\" data-element_type=\"widget\" data-e-type=\"widget\" data-widget_type=\"google_maps.default\">\n\t\t\t\t\t\t\t<div class=\"elementor-custom-embed\">\n\t\t\t<iframe loading=\"lazy\"\n\t\t\t\t\tsrc=\"https:\/\/maps.google.com\/maps?q=8%20rue%20de%20la%20petite%20vitesse%20reims&#038;t=m&#038;z=10&#038;output=embed&#038;iwloc=near\"\n\t\t\t\t\ttitle=\"8 rue de la petite vitesse reims\"\n\t\t\t\t\taria-label=\"8 rue de la petite vitesse reims\"\n\t\t\t><\/iframe>\n\t\t<\/div>\n\t\t\t\t\t\t<\/div>\n\t\t\t\t\t<\/div>\n\t\t\t\t<\/div>\n\t\t\t\t<\/div>\n\t\t","protected":false},"excerpt":{"rendered":"<p>Mieux connaitre notre agence \u00e9v\u00e9nementiel sportif Situ\u00e9e au 8 rue de la Petite Vitesse \u00e0 Reims, Pulse Events est une agence \u00e9v\u00e9nementiel sportif sp\u00e9cialis\u00e9e dans les exp\u00e9riences premium. Cr\u00e9\u00e9e il y a 4 ans, notre agence combine passion, cr\u00e9ativit\u00e9 et savoir-faire pour organiser des \u00e9v\u00e9nements sportifs sur mesure, alliant professionnalisme et convivialit\u00e9. Nous proposons trois packs adapt\u00e9s \u00e0 tous les besoins : Brut, pour une organisation simple et efficace, Mill\u00e9sim\u00e9, pour un \u00e9v\u00e9nement personnalis\u00e9 et soign\u00e9, et Grand Cru, pour des exp\u00e9riences haut de gamme et inoubliables. Chaque pack est pens\u00e9 pour garantir la r\u00e9ussite et le confort de nos clients, quels que soient le type et la taille de l\u2019\u00e9v\u00e9nement. Au fil des ann\u00e9es, notre agence \u00e9v\u00e9nementiel sportif premium a particip\u00e9 \u00e0 l&rsquo;organisation des \u00e9v\u00e9nements \u00a0sportifs exceptionnelles : des \u00e9v\u00e9nements et soir\u00e9es exclusives lors des Jeux Olympiques, du Tour de France, de Roland-Garros, du Grand Prix de Formule 1 de Monaco, et bien d\u2019autres encore. Ces exp\u00e9riences nous ont permis de perfectionner notre expertise et de cr\u00e9er des moments uniques. Avec Pulse Events, chaque \u00e9v\u00e9nement devient une exp\u00e9rience inoubliable, pens\u00e9e dans les moindres d\u00e9tails pour surprendre et ravir vos convives.<\/p>\n","protected":false},"author":1,"featured_media":0,"parent":0,"menu_order":0,"comment_status":"closed","ping_status":"closed","template":"elementor_header_footer","meta":{"footnotes":""},"class_list":["post-21","page","type-page","status-publish","hentry"],"yoast_head":"<!-- This site is optimized with the Yoast SEO plugin v27.6 - https:\/\/yoast.com\/product\/yoast-seo-wordpress\/ -->\n<title>A Propos - Born To Be Wild<\/title>\n<meta name=\"robots\" content=\"index, follow, max-snippet:-1, max-image-preview:large, max-video-preview:-1\" \/>\n<link rel=\"canonical\" href=\"https:\/\/maxence.icca-reims.fr\/?page_id=21\" \/>\n<meta property=\"og:locale\" content=\"fr_FR\" \/>\n<meta property=\"og:type\" content=\"article\" \/>\n<meta property=\"og:title\" content=\"A Propos - Born To Be Wild\" \/>\n<meta property=\"og:description\" content=\"Mieux connaitre notre agence \u00e9v\u00e9nementiel sportif Situ\u00e9e au 8 rue de la Petite Vitesse \u00e0 Reims, Pulse Events est une agence \u00e9v\u00e9nementiel sportif sp\u00e9cialis\u00e9e dans les exp\u00e9riences premium. Cr\u00e9\u00e9e il y a 4 ans, notre agence combine passion, cr\u00e9ativit\u00e9 et savoir-faire pour organiser des \u00e9v\u00e9nements sportifs sur mesure, alliant professionnalisme et convivialit\u00e9. Nous proposons trois packs adapt\u00e9s \u00e0 tous les besoins : Brut, pour une organisation simple et efficace, Mill\u00e9sim\u00e9, pour un \u00e9v\u00e9nement personnalis\u00e9 et soign\u00e9, et Grand Cru, pour des exp\u00e9riences haut de gamme et inoubliables. Chaque pack est pens\u00e9 pour garantir la r\u00e9ussite et le confort de nos clients, quels que soient le type et la taille de l\u2019\u00e9v\u00e9nement. Au fil des ann\u00e9es, notre agence \u00e9v\u00e9nementiel sportif premium a particip\u00e9 \u00e0 l&rsquo;organisation des \u00e9v\u00e9nements \u00a0sportifs exceptionnelles : des \u00e9v\u00e9nements et soir\u00e9es exclusives lors des Jeux Olympiques, du Tour de France, de Roland-Garros, du Grand Prix de Formule 1 de Monaco, et bien d\u2019autres encore. Ces exp\u00e9riences nous ont permis de perfectionner notre expertise et de cr\u00e9er des moments uniques. Avec Pulse Events, chaque \u00e9v\u00e9nement devient une exp\u00e9rience inoubliable, pens\u00e9e dans les moindres d\u00e9tails pour surprendre et ravir vos convives.\" \/>\n<meta property=\"og:url\" content=\"https:\/\/maxence.icca-reims.fr\/?page_id=21\" \/>\n<meta property=\"og:site_name\" content=\"Born To Be Wild\" \/>\n<meta property=\"article:modified_time\" content=\"2025-12-04T16:52:18+00:00\" \/>\n<meta property=\"og:image\" content=\"https:\/\/maxence.icca-reims.fr\/wp-content\/uploads\/2025\/12\/GoogleADC-61.jpg.webp\" \/>\n\t<meta property=\"og:image:width\" content=\"2500\" \/>\n\t<meta property=\"og:image:height\" content=\"1667\" \/>\n\t<meta property=\"og:image:type\" content=\"image\/webp\" \/>\n<meta name=\"twitter:card\" content=\"summary_large_image\" \/>\n<meta name=\"twitter:label1\" content=\"Dur\u00e9e de lecture estim\u00e9e\" \/>\n\t<meta name=\"twitter:data1\" content=\"1 minute\" \/>\n<script type=\"application\/ld+json\" class=\"yoast-schema-graph\">{\"@context\":\"https:\\\/\\\/schema.org\",\"@graph\":[{\"@type\":\"WebPage\",\"@id\":\"https:\\\/\\\/maxence.icca-reims.fr\\\/?page_id=21\",\"url\":\"https:\\\/\\\/maxence.icca-reims.fr\\\/?page_id=21\",\"name\":\"A Propos - Born To Be Wild\",\"isPartOf\":{\"@id\":\"https:\\\/\\\/maxence.icca-reims.fr\\\/#website\"},\"primaryImageOfPage\":{\"@id\":\"https:\\\/\\\/maxence.icca-reims.fr\\\/?page_id=21#primaryimage\"},\"image\":{\"@id\":\"https:\\\/\\\/maxence.icca-reims.fr\\\/?page_id=21#primaryimage\"},\"thumbnailUrl\":\"https:\\\/\\\/maxence.icca-reims.fr\\\/wp-content\\\/uploads\\\/2025\\\/12\\\/GoogleADC-61.jpg-1024x683.webp\",\"datePublished\":\"2025-12-02T08:59:30+00:00\",\"dateModified\":\"2025-12-04T16:52:18+00:00\",\"breadcrumb\":{\"@id\":\"https:\\\/\\\/maxence.icca-reims.fr\\\/?page_id=21#breadcrumb\"},\"inLanguage\":\"fr-FR\",\"potentialAction\":[{\"@type\":\"ReadAction\",\"target\":[\"https:\\\/\\\/maxence.icca-reims.fr\\\/?page_id=21\"]}]},{\"@type\":\"ImageObject\",\"inLanguage\":\"fr-FR\",\"@id\":\"https:\\\/\\\/maxence.icca-reims.fr\\\/?page_id=21#primaryimage\",\"url\":\"https:\\\/\\\/maxence.icca-reims.fr\\\/wp-content\\\/uploads\\\/2025\\\/12\\\/GoogleADC-61.jpg.webp\",\"contentUrl\":\"https:\\\/\\\/maxence.icca-reims.fr\\\/wp-content\\\/uploads\\\/2025\\\/12\\\/GoogleADC-61.jpg.webp\",\"width\":2500,\"height\":1667},{\"@type\":\"BreadcrumbList\",\"@id\":\"https:\\\/\\\/maxence.icca-reims.fr\\\/?page_id=21#breadcrumb\",\"itemListElement\":[{\"@type\":\"ListItem\",\"position\":1,\"name\":\"Accueil\",\"item\":\"https:\\\/\\\/maxence.icca-reims.fr\\\/\"},{\"@type\":\"ListItem\",\"position\":2,\"name\":\"A Propos\"}]},{\"@type\":\"WebSite\",\"@id\":\"https:\\\/\\\/maxence.icca-reims.fr\\\/#website\",\"url\":\"https:\\\/\\\/maxence.icca-reims.fr\\\/\",\"name\":\"Born To Be Wild\",\"description\":\"\",\"potentialAction\":[{\"@type\":\"SearchAction\",\"target\":{\"@type\":\"EntryPoint\",\"urlTemplate\":\"https:\\\/\\\/maxence.icca-reims.fr\\\/?s={search_term_string}\"},\"query-input\":{\"@type\":\"PropertyValueSpecification\",\"valueRequired\":true,\"valueName\":\"search_term_string\"}}],\"inLanguage\":\"fr-FR\"}]}<\/script>\n<!-- \/ Yoast SEO plugin. -->","yoast_head_json":{"title":"A Propos - Born To Be Wild","robots":{"index":"index","follow":"follow","max-snippet":"max-snippet:-1","max-image-preview":"max-image-preview:large","max-video-preview":"max-video-preview:-1"},"canonical":"https:\/\/maxence.icca-reims.fr\/?page_id=21","og_locale":"fr_FR","og_type":"article","og_title":"A Propos - Born To Be Wild","og_description":"Mieux connaitre notre agence \u00e9v\u00e9nementiel sportif Situ\u00e9e au 8 rue de la Petite Vitesse \u00e0 Reims, Pulse Events est une agence \u00e9v\u00e9nementiel sportif sp\u00e9cialis\u00e9e dans les exp\u00e9riences premium. Cr\u00e9\u00e9e il y a 4 ans, notre agence combine passion, cr\u00e9ativit\u00e9 et savoir-faire pour organiser des \u00e9v\u00e9nements sportifs sur mesure, alliant professionnalisme et convivialit\u00e9. Nous proposons trois packs adapt\u00e9s \u00e0 tous les besoins : Brut, pour une organisation simple et efficace, Mill\u00e9sim\u00e9, pour un \u00e9v\u00e9nement personnalis\u00e9 et soign\u00e9, et Grand Cru, pour des exp\u00e9riences haut de gamme et inoubliables. Chaque pack est pens\u00e9 pour garantir la r\u00e9ussite et le confort de nos clients, quels que soient le type et la taille de l\u2019\u00e9v\u00e9nement. Au fil des ann\u00e9es, notre agence \u00e9v\u00e9nementiel sportif premium a particip\u00e9 \u00e0 l&rsquo;organisation des \u00e9v\u00e9nements \u00a0sportifs exceptionnelles : des \u00e9v\u00e9nements et soir\u00e9es exclusives lors des Jeux Olympiques, du Tour de France, de Roland-Garros, du Grand Prix de Formule 1 de Monaco, et bien d\u2019autres encore. Ces exp\u00e9riences nous ont permis de perfectionner notre expertise et de cr\u00e9er des moments uniques. Avec Pulse Events, chaque \u00e9v\u00e9nement devient une exp\u00e9rience inoubliable, pens\u00e9e dans les moindres d\u00e9tails pour surprendre et ravir vos convives.","og_url":"https:\/\/maxence.icca-reims.fr\/?page_id=21","og_site_name":"Born To Be Wild","article_modified_time":"2025-12-04T16:52:18+00:00","og_image":[{"width":2500,"height":1667,"url":"https:\/\/maxence.icca-reims.fr\/wp-content\/uploads\/2025\/12\/GoogleADC-61.jpg.webp","type":"image\/webp"}],"twitter_card":"summary_large_image","twitter_misc":{"Dur\u00e9e de lecture estim\u00e9e":"1 minute"},"schema":{"@context":"https:\/\/schema.org","@graph":[{"@type":"WebPage","@id":"https:\/\/maxence.icca-reims.fr\/?page_id=21","url":"https:\/\/maxence.icca-reims.fr\/?page_id=21","name":"A Propos - Born To Be Wild","isPartOf":{"@id":"https:\/\/maxence.icca-reims.fr\/#website"},"primaryImageOfPage":{"@id":"https:\/\/maxence.icca-reims.fr\/?page_id=21#primaryimage"},"image":{"@id":"https:\/\/maxence.icca-reims.fr\/?page_id=21#primaryimage"},"thumbnailUrl":"https:\/\/maxence.icca-reims.fr\/wp-content\/uploads\/2025\/12\/GoogleADC-61.jpg-1024x683.webp","datePublished":"2025-12-02T08:59:30+00:00","dateModified":"2025-12-04T16:52:18+00:00","breadcrumb":{"@id":"https:\/\/maxence.icca-reims.fr\/?page_id=21#breadcrumb"},"inLanguage":"fr-FR","potentialAction":[{"@type":"ReadAction","target":["https:\/\/maxence.icca-reims.fr\/?page_id=21"]}]},{"@type":"ImageObject","inLanguage":"fr-FR","@id":"https:\/\/maxence.icca-reims.fr\/?page_id=21#primaryimage","url":"https:\/\/maxence.icca-reims.fr\/wp-content\/uploads\/2025\/12\/GoogleADC-61.jpg.webp","contentUrl":"https:\/\/maxence.icca-reims.fr\/wp-content\/uploads\/2025\/12\/GoogleADC-61.jpg.webp","width":2500,"height":1667},{"@type":"BreadcrumbList","@id":"https:\/\/maxence.icca-reims.fr\/?page_id=21#breadcrumb","itemListElement":[{"@type":"ListItem","position":1,"name":"Accueil","item":"https:\/\/maxence.icca-reims.fr\/"},{"@type":"ListItem","position":2,"name":"A Propos"}]},{"@type":"WebSite","@id":"https:\/\/maxence.icca-reims.fr\/#website","url":"https:\/\/maxence.icca-reims.fr\/","name":"Born To Be Wild","description":"","potentialAction":[{"@type":"SearchAction","target":{"@type":"EntryPoint","urlTemplate":"https:\/\/maxence.icca-reims.fr\/?s={search_term_string}"},"query-input":{"@type":"PropertyValueSpecification","valueRequired":true,"valueName":"search_term_string"}}],"inLanguage":"fr-FR"}]}},"_links":{"self":[{"href":"https:\/\/maxence.icca-reims.fr\/index.php?rest_route=\/wp\/v2\/pages\/21","targetHints":{"allow":["GET"]}}],"collection":[{"href":"https:\/\/maxence.icca-reims.fr\/index.php?rest_route=\/wp\/v2\/pages"}],"about":[{"href":"https:\/\/maxence.icca-reims.fr\/index.php?rest_route=\/wp\/v2\/types\/page"}],"author":[{"embeddable":true,"href":"https:\/\/maxence.icca-reims.fr\/index.php?rest_route=\/wp\/v2\/users\/1"}],"replies":[{"embeddable":true,"href":"https:\/\/maxence.icca-reims.fr\/index.php?rest_route=%2Fwp%2Fv2%2Fcomments&post=21"}],"version-history":[{"count":44,"href":"https:\/\/maxence.icca-reims.fr\/index.php?rest_route=\/wp\/v2\/pages\/21\/revisions"}],"predecessor-version":[{"id":453,"href":"https:\/\/maxence.icca-reims.fr\/index.php?rest_route=\/wp\/v2\/pages\/21\/revisions\/453"}],"wp:attachment":[{"href":"https:\/\/maxence.icca-reims.fr\/index.php?rest_route=%2Fwp%2Fv2%2Fmedia&parent=21"}],"curies":[{"name":"wp","href":"https:\/\/api.w.org\/{rel}","templated":true}]}}